{"id":92,"date":"2009-09-16T16:50:07","date_gmt":"2009-09-16T15:50:07","guid":{"rendered":"http:\/\/alpenimage.ch\/wp\/?page_id=92"},"modified":"2010-03-15T16:58:40","modified_gmt":"2010-03-15T15:58:40","slug":"lofoten-stockholm-und-abisko-nationalpark","status":"publish","type":"page","link":"https:\/\/alpenimage.ch\/wp\/?page_id=92","title":{"rendered":"Lofoten, Stockholm und Abisko Nationalpark"},"content":{"rendered":"<div>\n<p>Am 5 .Juni 2008 starteten wir unsere Schweden und Lofoten Reise mit dem Flug nach Stockholm. W\u00e4hrend es in der Schweiz kalt und nass war, genossen wir in Stockholm w\u00e4hrend dreier Tage heisses und sonniges Sommerwetter bevor wir in das etwas k\u00fchlere aber auch sonnige Kiruna flogen und dort unseren Mietwagen in Empfang nahmen.<\/p>\n<p><a href=\"http:\/\/alpenimage.ch\/wp\/wp-content\/uploads\/2009\/09\/seeadler-norwegen.jpg\"><img decoding=\"async\" loading=\"lazy\" title=\"seeadler-norwegen\" src=\"..\/wp-content\/uploads\/2009\/09\/seeadler-norwegen-300x225.jpg\" alt=\"seeadler-norwegen\" width=\"300\" height=\"225\" \/><\/a><\/p>\n<p>In Kiruna deckten wir uns mit Proviant ein und machten uns auf den Weg in den Abisko Nationalpark. Wir machten die Bekanntschaft mit Elchen und Karibus und genossen die zum Teil noch winterlich verschneite Landschaft.<\/p>\n<p>Vom Abisko NP machten wir uns bei Schneetreiben auf den Weg nach Norwegen und die Lofoteninselgruppe.\u00a0 Nach einer l\u00e4ngeren Fahrt erreichten wir Svolvaer, die Hauptstadt der Lofoten wo wir f\u00fcr eine Woche unser Quartier bezogen.\u00a0 Von Svolvaer aus erkundeten wir den Nord\u00f6stlichen Teil der <a href=\"http:\/\/www.alpenimage.ch\/alben\/Lofoten%20und%20Schweden\">Lofoten<\/a>. Speziell die Inseln Austvagoya, Gimsoya und Vestvagoya.<\/p>\n<p><a href=\"http:\/\/alpenimage.ch\/wp\/wp-content\/uploads\/2009\/09\/20080616_lofoten-2008_1411_dxo.jpg\"><img decoding=\"async\" loading=\"lazy\" title=\"20080616_lofoten-2008_1411_dxo\" src=\"..\/wp-content\/uploads\/2009\/09\/20080616_lofoten-2008_1411_dxo-300x200.jpg\" alt=\"20080616_lofoten-2008_1411_dxo\" width=\"300\" height=\"200\" \/><\/a><\/p>\n<p>Nach einer Woche verlegten wir unser Quartier nach Hamnoy, einem kleinen Fischerd\u00f6rfchen auf der Insel Mosekenesoya. Von dort machten wir uns auf die Region um die Inseln Fakstadoya und Moskenesoya zu entdecken. Die pikturesken Fischerd\u00f6rfer und die grandiose Landschaft sind umwerfend.<\/p>\n<p>Schon die Wikinger gaben den Inseln den Beinamen \u201cInseln der G\u00f6tter\u201d. \u00dcberzeugen Sie sich selber ob die Wikinger recht hatten. Hier gehts es zu den <a href=\"http:\/\/www.alpenimage.ch\/alben\/Lofoten%20und%20Schweden\">Bildern<\/a>.<\/p>\n<p><a href=\"http:\/\/alpenimage.ch\/wp\/wp-content\/uploads\/2009\/09\/20080611_lofoten-2008_0054_dxo_raw.jpg\"><img decoding=\"async\" loading=\"lazy\" title=\"20080611_lofoten-2008_0054_dxo_raw\" src=\"..\/wp-content\/uploads\/2009\/09\/20080611_lofoten-2008_0054_dxo_raw-200x300.jpg\" alt=\"20080611_lofoten-2008_0054_dxo_raw\" width=\"200\" height=\"300\" \/><\/a><\/div>\n<p>Zu den <a href=\"http:\/\/www.alpenimage.ch\/alben\/Lofoten und Schweden\">Bildern<\/a>.<\/p>\n","protected":false},"excerpt":{"rendered":"<p>Am 5 .Juni 2008 starteten wir unsere Schweden und Lofoten Reise mit dem Flug nach Stockholm. W\u00e4hrend es in der Schweiz kalt und nass war, genossen wir in Stockholm w\u00e4hrend dreier Tage heisses und sonniges Sommerwetter bevor wir in das etwas k\u00fchlere aber auch sonnige Kiruna flogen und dort unseren Mietwagen in Empfang nahmen. In [&hellip;]<\/p>\n","protected":false},"author":3,"featured_media":0,"parent":0,"menu_order":0,"comment_status":"open","ping_status":"open","template":"","meta":{"footnotes":""},"_links":{"self":[{"href":"https:\/\/alpenimage.ch\/wp\/index.php?rest_route=\/wp\/v2\/pages\/92"}],"collection":[{"href":"https:\/\/alpenimage.ch\/wp\/index.php?rest_route=\/wp\/v2\/pages"}],"about":[{"href":"https:\/\/alpenimage.ch\/wp\/index.php?rest_route=\/wp\/v2\/types\/page"}],"author":[{"embeddable":true,"href":"https:\/\/alpenimage.ch\/wp\/index.php?rest_route=\/wp\/v2\/users\/3"}],"replies":[{"embeddable":true,"href":"https:\/\/alpenimage.ch\/wp\/index.php?rest_route=%2Fwp%2Fv2%2Fcomments&post=92"}],"version-history":[{"count":5,"href":"https:\/\/alpenimage.ch\/wp\/index.php?rest_route=\/wp\/v2\/pages\/92\/revisions"}],"predecessor-version":[{"id":243,"href":"https:\/\/alpenimage.ch\/wp\/index.php?rest_route=\/wp\/v2\/pages\/92\/revisions\/243"}],"wp:attachment":[{"href":"https:\/\/alpenimage.ch\/wp\/index.php?rest_route=%2Fwp%2Fv2%2Fmedia&parent=92"}],"curies":[{"name":"wp","href":"https:\/\/api.w.org\/{rel}","templated":true}]}}